{"id":196,"date":"2021-08-17T16:39:52","date_gmt":"2021-08-17T14:39:52","guid":{"rendered":"https:\/\/b2b.one\/konfigurator_heban\/?page_id=196"},"modified":"2022-06-29T13:07:12","modified_gmt":"2022-06-29T11:07:12","slug":"formularz-kontaktowy","status":"publish","type":"page","link":"https:\/\/b2b.one\/konfigurator_heban\/formularz-kontaktowy\/","title":{"rendered":"Formularz kontaktowy"},"content":{"rendered":"<div>\n<div><div role=\"form\" class=\"wpcf7\" id=\"wpcf7-f195-o1\" lang=\"pl-PL\" dir=\"ltr\">\n<div class=\"screen-reader-response\"><p role=\"status\" aria-live=\"polite\" aria-atomic=\"true\"><\/p> <ul><\/ul><\/div>\n<form action=\"\/konfigurator_heban\/wp-json\/wp\/v2\/pages\/196#wpcf7-f195-o1\" method=\"post\" class=\"wpcf7-form init\" novalidate=\"novalidate\" data-status=\"init\">\n<div style=\"display: none;\">\n<input type=\"hidden\" name=\"_wpcf7\" value=\"195\" \/>\n<input type=\"hidden\" name=\"_wpcf7_version\" value=\"5.6.3\" \/>\n<input type=\"hidden\" name=\"_wpcf7_locale\" value=\"pl_PL\" \/>\n<input type=\"hidden\" name=\"_wpcf7_unit_tag\" value=\"wpcf7-f195-o1\" \/>\n<input type=\"hidden\" name=\"_wpcf7_container_post\" value=\"0\" \/>\n<input type=\"hidden\" name=\"_wpcf7_posted_data_hash\" value=\"\" \/>\n<\/div>\n<p><label class = \"email__label\">Adres email<span class=\"wpcf7-form-control-wrap\" data-name=\"heban-email\"><input type=\"email\" name=\"heban-email\" value=\"\" size=\"40\" class=\"wpcf7-form-control wpcf7-text wpcf7-email wpcf7-validates-as-required wpcf7-validates-as-email\" aria-required=\"true\" aria-invalid=\"false\" \/><\/span><\/label><br \/>\n<label class = \"email__label\">Telefon<span class=\"wpcf7-form-control-wrap\" data-name=\"heban-telefon\"><input type=\"text\" name=\"heban-telefon\" value=\"\" size=\"40\" class=\"wpcf7-form-control wpcf7-text\" aria-invalid=\"false\" \/><\/span><\/label><br \/>\n<label class = \"email__label\">Twoje zapytanie<span class=\"wpcf7-form-control-wrap\" data-name=\"heban-tresc\"><textarea name=\"heban-tresc\" cols=\"40\" rows=\"10\" class=\"wpcf7-form-control wpcf7-textarea\" aria-invalid=\"false\"><\/textarea><\/span><\/label><br \/>\n<span class=\"wpcf7-form-control-wrap\" data-name=\"acceptance-582\"><span class=\"wpcf7-form-control wpcf7-acceptance\"><span class=\"wpcf7-list-item\"><label><input type=\"checkbox\" name=\"acceptance-582\" value=\"1\" aria-invalid=\"false\" \/><span class=\"wpcf7-list-item-label\">Wyra\u017cam zgod\u0119 na przetwarzanie moich danych osobowych w celu obs\u0142ugi mojego zapytania. Udzielenie zgody jest dobrowolne, jednak\u017ce niezb\u0119dne do korzystania z tego formularza. Szczeg\u00f3\u0142owe informacje na temat przetwarzania danych osobowych, w tym o przys\u0142uguj\u0105cych prawach os\u00f3b, kt\u00f3rych dane s\u0105 przetwarzane, znajduj\u0105 si\u0119 w pod adresem www.heban.net\/polityka-bezpieczenstwa-rodo<\/span><\/label><\/span><\/span><\/span><br \/>\n<input type=\"submit\" value=\"Wy\u015blij wiadomo\u015b\u0107\" class=\"wpcf7-form-control has-spinner wpcf7-submit\" \/><\/p>\n<div class=\"wpcf7-response-output\" aria-hidden=\"true\"><\/div><\/form><\/div><\/div>\n<\/div>\n","protected":false},"excerpt":{"rendered":"","protected":false},"author":1,"featured_media":0,"parent":0,"menu_order":0,"comment_status":"closed","ping_status":"closed","template":"template-formularz.php","meta":[],"acf":[],"_links":{"self":[{"href":"https:\/\/b2b.one\/konfigurator_heban\/wp-json\/wp\/v2\/pages\/196"}],"collection":[{"href":"https:\/\/b2b.one\/konfigurator_heban\/wp-json\/wp\/v2\/pages"}],"about":[{"href":"https:\/\/b2b.one\/konfigurator_heban\/wp-json\/wp\/v2\/types\/page"}],"author":[{"embeddable":true,"href":"https:\/\/b2b.one\/konfigurator_heban\/wp-json\/wp\/v2\/users\/1"}],"replies":[{"embeddable":true,"href":"https:\/\/b2b.one\/konfigurator_heban\/wp-json\/wp\/v2\/comments?post=196"}],"version-history":[{"count":4,"href":"https:\/\/b2b.one\/konfigurator_heban\/wp-json\/wp\/v2\/pages\/196\/revisions"}],"predecessor-version":[{"id":989,"href":"https:\/\/b2b.one\/konfigurator_heban\/wp-json\/wp\/v2\/pages\/196\/revisions\/989"}],"wp:attachment":[{"href":"https:\/\/b2b.one\/konfigurator_heban\/wp-json\/wp\/v2\/media?parent=196"}],"curies":[{"name":"wp","href":"https:\/\/api.w.org\/{rel}","templated":true}]}}