{"id":258,"date":"2021-09-02T16:33:26","date_gmt":"2021-09-02T14:33:26","guid":{"rendered":"https:\/\/oneb2b.pl\/one_ahhardt\/?page_id=258"},"modified":"2023-06-15T17:48:10","modified_gmt":"2023-06-15T15:48:10","slug":"zapytanie-formularz","status":"publish","type":"page","link":"https:\/\/b2b.one\/konfigurator_ahhardt\/zapytanie-formularz\/","title":{"rendered":"Zapytanie &#8211; formularz"},"content":{"rendered":"\n<div class=\"wpcf7 no-js\" id=\"wpcf7-f257-o1\" lang=\"pl-PL\" dir=\"ltr\">\n<div class=\"screen-reader-response\"><p role=\"status\" aria-live=\"polite\" aria-atomic=\"true\"><\/p> <ul><\/ul><\/div>\n<form action=\"\/konfigurator_ahhardt\/wp-json\/wp\/v2\/pages\/258#wpcf7-f257-o1\" method=\"post\" class=\"wpcf7-form init\" aria-label=\"Formularz kontaktowy\" enctype=\"multipart\/form-data\" novalidate=\"novalidate\" data-status=\"init\">\n<div style=\"display: none;\">\n<input type=\"hidden\" name=\"_wpcf7\" value=\"257\" \/>\n<input type=\"hidden\" name=\"_wpcf7_version\" value=\"5.9.3\" \/>\n<input type=\"hidden\" name=\"_wpcf7_locale\" value=\"pl_PL\" \/>\n<input type=\"hidden\" name=\"_wpcf7_unit_tag\" value=\"wpcf7-f257-o1\" \/>\n<input type=\"hidden\" name=\"_wpcf7_container_post\" value=\"0\" \/>\n<input type=\"hidden\" name=\"_wpcf7_posted_data_hash\" value=\"\" \/>\n<input type=\"hidden\" name=\"_wpcf7cf_hidden_group_fields\" value=\"[]\" \/>\n<input type=\"hidden\" name=\"_wpcf7cf_hidden_groups\" value=\"[]\" \/>\n<input type=\"hidden\" name=\"_wpcf7cf_visible_groups\" value=\"[]\" \/>\n<input type=\"hidden\" name=\"_wpcf7cf_repeaters\" value=\"[]\" \/>\n<input type=\"hidden\" name=\"_wpcf7cf_steps\" value=\"{}\" \/>\n<input type=\"hidden\" name=\"_wpcf7cf_options\" value=\"{&quot;form_id&quot;:257,&quot;conditions&quot;:[{&quot;then_field&quot;:&quot;material-inny&quot;,&quot;and_rules&quot;:[{&quot;if_field&quot;:&quot;ahh-zapytanie-material&quot;,&quot;operator&quot;:&quot;equals&quot;,&quot;if_value&quot;:&quot;inny&quot;}]}],&quot;settings&quot;:{&quot;animation&quot;:&quot;yes&quot;,&quot;animation_intime&quot;:200,&quot;animation_outtime&quot;:200,&quot;conditions_ui&quot;:&quot;normal&quot;,&quot;notice_dismissed&quot;:false}}\" \/>\n<\/div>\n<div class=\"formularz_zapytanie\">\n\t<h3>1. Rodzaj pokrycia dachu <span>*<\/span>\n\t<\/h3>\n\t<p><span class=\"wpcf7-form-control-wrap\" data-name=\"ahh-zapytanie-pokrycie\"><select class=\"wpcf7-form-control wpcf7-select wpcf7-validates-as-required\" aria-required=\"true\" aria-invalid=\"false\" name=\"ahh-zapytanie-pokrycie\"><option value=\"\">&#8212;Prosz\u0119 wybra\u0107 opcj\u0119&#8212;<\/option><option value=\"dach\u00f3wka ceramiczna z zamkiem\">dach\u00f3wka ceramiczna z zamkiem<\/option><option value=\"dach\u00f3wka karpi\u00f3wka\">dach\u00f3wka karpi\u00f3wka<\/option><option value=\"blachodach\u00f3wka\">blachodach\u00f3wka<\/option><option value=\"blacha na r\u0105bek stoj\u0105cy\">blacha na r\u0105bek stoj\u0105cy<\/option><option value=\"gont papowy\">gont papowy<\/option><option value=\"membrana\">membrana<\/option><option value=\"papa\">papa<\/option><\/select><\/span>\n\t<\/p>\n\t<h3>2. Kszta\u0142t dachu <span>*<\/span>\n\t<\/h3>\n\t<p><span class=\"wpcf7-form-control-wrap\" data-name=\"ahh-zapytanie-ksztalt\"><select class=\"wpcf7-form-control wpcf7-select wpcf7-validates-as-required\" aria-required=\"true\" aria-invalid=\"false\" name=\"ahh-zapytanie-ksztalt\"><option value=\"\">&#8212;Prosz\u0119 wybra\u0107 opcj\u0119&#8212;<\/option><option value=\"pochy\u0142y\">pochy\u0142y<\/option><option value=\"p\u0142aski\">p\u0142aski<\/option><\/select><\/span>\n\t<\/p>\n\t<h3>3. Wymiary w metrach <span>*<\/span>\n\t<\/h3>\n\t<p><span class=\"wpcf7-form-control-wrap\" data-name=\"ahh-zapytanie-wymiar-a\"><input class=\"wpcf7-form-control wpcf7-number wpcf7-validates-as-required wpcf7-validates-as-number\" aria-required=\"true\" aria-invalid=\"false\" placeholder=\"(A) Wysoko\u015b\u0107 \u015bcian budynku  (od ziemi do rynny)\" value=\"\" type=\"number\" name=\"ahh-zapytanie-wymiar-a\" \/><\/span><br \/>\n<span class=\"wpcf7-form-control-wrap\" data-name=\"ahh-zapytanie-wymiar-b\"><input class=\"wpcf7-form-control wpcf7-number wpcf7-validates-as-required wpcf7-validates-as-number\" aria-required=\"true\" aria-invalid=\"false\" placeholder=\"(B) Szeroko\u015b\u0107 po\u0142aci dachu\" value=\"\" type=\"number\" name=\"ahh-zapytanie-wymiar-b\" \/><\/span><br \/>\n<span class=\"wpcf7-form-control-wrap\" data-name=\"ahh-zapytanie-wymiar-c\"><input class=\"wpcf7-form-control wpcf7-number wpcf7-validates-as-required wpcf7-validates-as-number\" aria-required=\"true\" aria-invalid=\"false\" placeholder=\"(C) D\u0142ugo\u015b\u0107 po\u0142aci dachu\" value=\"\" type=\"number\" name=\"ahh-zapytanie-wymiar-c\" \/><\/span><br \/>\n<span class=\"wpcf7-form-control-wrap\" data-name=\"ahh-zapytanie-wymiar-d\"><input class=\"wpcf7-form-control wpcf7-number wpcf7-validates-as-required wpcf7-validates-as-number\" aria-required=\"true\" aria-invalid=\"false\" placeholder=\"(D) Ilo\u015b\u0107 komin\u00f3w\" value=\"\" type=\"number\" name=\"ahh-zapytanie-wymiar-d\" \/><\/span><br \/>\n<span class=\"wpcf7-form-control-wrap\" data-name=\"ahh-zapytanie-wymiar-e\"><input class=\"wpcf7-form-control wpcf7-number wpcf7-validates-as-required wpcf7-validates-as-number\" aria-required=\"true\" aria-invalid=\"false\" placeholder=\"(E) Szeroko\u015b\u0107 budynku\" value=\"\" type=\"number\" name=\"ahh-zapytanie-wymiar-e\" \/><\/span>\n\t<\/p>\n\t<h3>4. Ocieplenie budynku <span>*<\/span>\n\t<\/h3>\n\t<p><span class=\"wpcf7-form-control-wrap\" data-name=\"ahh-zapytanie-ocieplenie\"><select class=\"wpcf7-form-control wpcf7-select wpcf7-validates-as-required\" aria-required=\"true\" aria-invalid=\"false\" name=\"ahh-zapytanie-ocieplenie\"><option value=\"\">&#8212;Prosz\u0119 wybra\u0107 opcj\u0119&#8212;<\/option><option value=\"budynek jest ju\u017c ocieplony\">budynek jest ju\u017c ocieplony<\/option><option value=\"budynek b\u0119dzie ocieplony\">budynek b\u0119dzie ocieplony<\/option><option value=\"brak ocieplenia na \u015bcianach zewn\u0119trznych\">brak ocieplenia na \u015bcianach zewn\u0119trznych<\/option><\/select><\/span><br \/>\n<span class=\"wpcf7-form-control-wrap\" data-name=\"ahh-zapytanie-ocieplenie-grubosc\"><input class=\"wpcf7-form-control wpcf7-number wpcf7-validates-as-required wpcf7-validates-as-number\" aria-required=\"true\" aria-invalid=\"false\" placeholder=\"Grubo\u015b\u0107 ocieplenia (cm)\" value=\"\" type=\"number\" name=\"ahh-zapytanie-ocieplenie-grubosc\" \/><\/span>\n\t<\/p>\n\t<h3>5. Uziemienie <span>*<\/span>\n\t<\/h3>\n\t<p><span class=\"wpcf7-form-control-wrap\" data-name=\"ahh-zapytanie-uziemienie\"><select class=\"wpcf7-form-control wpcf7-select wpcf7-validates-as-required\" aria-required=\"true\" aria-invalid=\"false\" name=\"ahh-zapytanie-uziemienie\"><option value=\"\">&#8212;Prosz\u0119 wybra\u0107 opcj\u0119&#8212;<\/option><option value=\"jest\">jest<\/option><option value=\"nie ma\">nie ma<\/option><\/select><\/span>\n\t<\/p>\n\t<h3>6. Materia\u0142 <span>*<\/span>\n\t<\/h3>\n\t<p><span class=\"wpcf7-form-control-wrap\" data-name=\"ahh-zapytanie-material\"><select class=\"wpcf7-form-control wpcf7-select wpcf7-validates-as-required\" aria-required=\"true\" aria-invalid=\"false\" name=\"ahh-zapytanie-material\"><option value=\"\">&#8212;Prosz\u0119 wybra\u0107 opcj\u0119&#8212;<\/option><option value=\"ocynk galwaniczny\">ocynk galwaniczny<\/option><option value=\"mied\u017a\">mied\u017a<\/option><option value=\"stal nierdzewna\">stal nierdzewna<\/option><option value=\"inny\">inny<\/option><\/select><\/span>\n\t<\/p>\n\t<div data-id=\"material-inny\" data-orig_data_id=\"material-inny\" data-clear_on_hide data-class=\"wpcf7cf_group\">\n\t\t<p><span class=\"wpcf7-form-control-wrap\" data-name=\"ahh-zapytanie-material-inny\"><input size=\"40\" class=\"wpcf7-form-control wpcf7-text wpcf7-validates-as-required\" aria-required=\"true\" aria-invalid=\"false\" placeholder=\"jaki?\" value=\"\" type=\"text\" name=\"ahh-zapytanie-material-inny\" \/><\/span>\n\t\t<\/p>\n\t<\/div>\n\t<h3>7. Dodaj zdj\u0119cia lub projekt (max. 5 mb) <span>*<\/span>\n\t<\/h3>\n\t<p><span class=\"wpcf7-form-control-wrap\" data-name=\"file-759\"><input size=\"40\" class=\"wpcf7-form-control wpcf7-file wpcf7-validates-as-required\" id=\"plik\" accept=\".jpg,.png,.pdf,.zip\" aria-required=\"true\" aria-invalid=\"false\" type=\"file\" name=\"file-759\" \/><\/span>\n\t<\/p>\n\t<h3>Dane kontaktowe <span>*<\/span>\n\t<\/h3>\n\t<p><span class=\"wpcf7-form-control-wrap\" data-name=\"ahh-zapytanie-nadawca\"><input size=\"40\" class=\"wpcf7-form-control wpcf7-text wpcf7-validates-as-required\" aria-required=\"true\" aria-invalid=\"false\" placeholder=\"Imi\u0119 i nazwisko\" value=\"\" type=\"text\" name=\"ahh-zapytanie-nadawca\" \/><\/span><br \/>\n<span class=\"wpcf7-form-control-wrap\" data-name=\"ahh-zapytanie-email\"><input size=\"40\" class=\"wpcf7-form-control wpcf7-email wpcf7-validates-as-required wpcf7-text wpcf7-validates-as-email\" aria-required=\"true\" aria-invalid=\"false\" placeholder=\"Adres e-mail\" value=\"\" type=\"email\" name=\"ahh-zapytanie-email\" \/><\/span><br \/>\n<span class=\"wpcf7-form-control-wrap\" data-name=\"ahh-zapytanie-telefon\"><input size=\"40\" class=\"wpcf7-form-control wpcf7-text wpcf7-validates-as-required\" aria-required=\"true\" aria-invalid=\"false\" placeholder=\"Telefon\" value=\"\" type=\"text\" name=\"ahh-zapytanie-telefon\" \/><\/span><br \/>\n<span class=\"wpcf7-form-control-wrap\" data-name=\"ahh-zapytanie-tresc\"><textarea cols=\"40\" rows=\"10\" class=\"wpcf7-form-control wpcf7-textarea\" aria-invalid=\"false\" placeholder=\"Tre\u015b\u0107 wiadomo\u015bci\" name=\"ahh-zapytanie-tresc\"><\/textarea><\/span>\n\t<\/p>\n\t<h3><span>*<\/span>pola obowi\u0105zkowe\n\t<\/h3>\n\t<p><span class=\"wpcf7-form-control-wrap\" data-name=\"acceptance-582\"><span class=\"wpcf7-form-control wpcf7-acceptance\"><span class=\"wpcf7-list-item\"><label><input type=\"checkbox\" name=\"acceptance-582\" value=\"1\" aria-invalid=\"false\" \/><span class=\"wpcf7-list-item-label\">Wyra\u017cam zgod\u0119 na przetwarzanie danych osobowych zgodnie z ustaw\u0105 o ochronie danych osobowych w zwi\u0105zku z wys\u0142aniem zapytania przez formularz kontaktowy. Podanie danych jest dobrowolne, ale niezb\u0119dne do przetworzenia zapytania. Zosta\u0142em poinformowany, \u017ce przys\u0142uguje mi prawo dost\u0119pu do swoich danych, mo\u017cliwo\u015bci ich poprawiania, \u017c\u0105dania zaprzestania ich przetwarzania przez wys\u0142anie wiadomo\u015bci e-mail na adres handlowy@ah.com.pl. Administratorem danych osobowych jest AH Hardt sp.j., Cholerzyn 215, 32-060 Liszki<\/span><\/label><\/span><\/span><\/span><br \/>\n<input class=\"wpcf7-form-control wpcf7-submit has-spinner\" type=\"submit\" value=\"Wy\u015blij zapytanie\" \/>\n\t<\/p>\n<\/div><div class=\"wpcf7-response-output\" aria-hidden=\"true\"><\/div>\n<\/form>\n<\/div>\n\n","protected":false},"excerpt":{"rendered":"","protected":false},"author":1,"featured_media":0,"parent":0,"menu_order":0,"comment_status":"closed","ping_status":"closed","template":"template-formularz.php","meta":{"_acf_changed":false,"footnotes":""},"acf":[],"_links":{"self":[{"href":"https:\/\/b2b.one\/konfigurator_ahhardt\/wp-json\/wp\/v2\/pages\/258"}],"collection":[{"href":"https:\/\/b2b.one\/konfigurator_ahhardt\/wp-json\/wp\/v2\/pages"}],"about":[{"href":"https:\/\/b2b.one\/konfigurator_ahhardt\/wp-json\/wp\/v2\/types\/page"}],"author":[{"embeddable":true,"href":"https:\/\/b2b.one\/konfigurator_ahhardt\/wp-json\/wp\/v2\/users\/1"}],"replies":[{"embeddable":true,"href":"https:\/\/b2b.one\/konfigurator_ahhardt\/wp-json\/wp\/v2\/comments?post=258"}],"version-history":[{"count":5,"href":"https:\/\/b2b.one\/konfigurator_ahhardt\/wp-json\/wp\/v2\/pages\/258\/revisions"}],"predecessor-version":[{"id":601,"href":"https:\/\/b2b.one\/konfigurator_ahhardt\/wp-json\/wp\/v2\/pages\/258\/revisions\/601"}],"wp:attachment":[{"href":"https:\/\/b2b.one\/konfigurator_ahhardt\/wp-json\/wp\/v2\/media?parent=258"}],"curies":[{"name":"wp","href":"https:\/\/api.w.org\/{rel}","templated":true}]}}